{"id":3281,"date":"2021-01-29T18:29:58","date_gmt":"2021-01-29T18:29:58","guid":{"rendered":"https:\/\/www.ieem.edu.uy\/pos-mba\/?page_id=3281"},"modified":"2022-03-15T13:39:14","modified_gmt":"2022-03-15T13:39:14","slug":"por-que-el-pos-mba","status":"publish","type":"page","link":"https:\/\/www.ieem.edu.uy\/pos-mba\/por-que-el-pos-mba\/","title":{"rendered":"\u00bfPOR QU\u00c9 EL POS-MBA?"},"content":{"rendered":"<p>[vc_row][vc_column][\/vc_column][\/vc_row][vc_row gap=\u00bb35&#8243;][vc_column width=\u00bb2\/3&#8243;][vc_column_text]<\/p>\n<h4>\u00bfPOR QU\u00c9 EL POS-MBA?<\/h4>\n<p>[\/vc_column_text][vc_empty_space height=\u00bb30px\u00bb][vc_column_text]El MBA del IEEM te da todas las herramientas t\u00e9cnicas que necesit\u00e1s. Tambi\u00e9n te entrena a fondo en el proceso de toma de decisiones pol\u00edticas, en el que la t\u00e9cnica es apenas una condici\u00f3n. Contribuye al desarrollo de habilidades de comunicaci\u00f3n, negociaci\u00f3n y liderazgo, y a profundizar en el conocimiento de la naturaleza de las relaciones humanas, base de cualquier buen liderazgo.<\/p>\n<p>Pero no alcanza.<\/p>\n<p>Treinta a\u00f1os de trabajo con nuestros MBA nos permiten entender muy bien el d\u00eda despu\u00e9s de la graduaci\u00f3n. Cuando egres\u00e1s est\u00e1s mucho mejor preparado, te sent\u00eds con fuerza, quer\u00e9s cambiar el mundo, pero tambi\u00e9n te asaltan dudas acerca de c\u00f3mo empezar, de c\u00f3mo enfocar tu carrera, de cu\u00e1l es el <em>timing<\/em> ideal para llevar a la pr\u00e1ctica ese nuevo profesional en el que te convertiste. Por otra parte, pueden existir algunas \u00e1reas de mejora personal en las que un programa MBA no puede detenerse, pero que a vos te gustar\u00eda explorar m\u00e1s. Por \u00faltimo, la organizaci\u00f3n, tu entorno, no ha hecho el MBA contigo y, por lo tanto, no ha seguido el mismo proceso de cambio que vos.<\/p>\n<p>Hist\u00f3ricamente, esta etapa se daba naturalmente a los tres o cuatro a\u00f1os posteriores a la graduaci\u00f3n. Hab\u00eda tiempo para un <em>soft landing<\/em> que te permit\u00eda \u201casentar\u201d todo lo que hab\u00edas desarrollado en el MBA, convirti\u00e9ndolo en capacidad pr\u00e1ctica.<\/p>\n<p>Ahora, la velocidad de los cambios es otra y ya no hay tiempo para el <em>soft landing<\/em>. Los riesgos por los ciclos cortos y las amenazas tecnol\u00f3gicas exigen que entiendas r\u00e1pidamente las nuevas reglas de juego y logres hacer fructificar ya, todo lo que aprendiste en el MBA.[\/vc_column_text][vc_empty_space height=\u00bb60px\u00bb][\/vc_column][vc_column width=\u00bb1\/3&#8243;][vc_single_image image=\u00bb3296&#8243; img_size=\u00bbfull\u00bb css=\u00bb.vc_custom_1612443783022{padding-top: 25px !important;}\u00bb][\/vc_column][\/vc_row][vc_row full_width=\u00bbstretch_row\u00bb parallax=\u00bbcontent-moving\u00bb simple_background_color=\u00bb#efefef\u00bb][vc_column][vc_column_text]<\/p>\n<h4>\u00bfC\u00d3MO PARTICIPAR?<\/h4>\n<p>[\/vc_column_text][vc_empty_space height=\u00bb30px\u00bb][vc_row_inner gap=\u00bb25&#8243;][vc_column_inner width=\u00bb2\/3&#8243; css=\u00bb.vc_custom_1612442754562{padding-right: 50px !important;}\u00bb][vc_text_separator title=\u00bb\u00bb i_icon_fontawesome=\u00bbfas fa-user-graduate\u00bb i_color=\u00bbgreen\u00bb title_align=\u00bbseparator_align_left\u00bb border_width=\u00bb2&#8243; add_icon=\u00bbtrue\u00bb][vc_column_text]Para hacer el POS-MBA ten\u00e9s que haberte <strong>graduado del MBA del IEEM en 2021<\/strong> y estar <strong>afiliado a Antiguos Alumnos en 2022<\/strong> (salvo que te encuentres en un per\u00edodo de transici\u00f3n laboral, en cuya situaci\u00f3n es posible pedir una beca).[\/vc_column_text][vc_empty_space height=\u00bb50px\u00bb][vc_text_separator title=\u00bb\u00bb i_icon_fontawesome=\u00bbfas fa-calendar-alt\u00bb i_color=\u00bbgreen\u00bb title_align=\u00bbseparator_align_left\u00bb border_width=\u00bb2&#8243; add_icon=\u00bbtrue\u00bb][vc_column_text]El POS-MBA consiste de <strong>nueve talleres opcionales<\/strong> que se dictar\u00e1n <strong>entre marzo y junio de 2022<\/strong> y de un proceso de coaching individual opcional (tres sesiones de una hora de duraci\u00f3n).[\/vc_column_text][\/vc_column_inner][vc_column_inner width=\u00bb1\/3&#8243;][vc_text_separator title=\u00bb\u00bb i_icon_fontawesome=\u00bbfas fa-info\u00bb i_color=\u00bbgreen\u00bb title_align=\u00bbseparator_align_left\u00bb border_width=\u00bb2&#8243; add_icon=\u00bbtrue\u00bb][vc_column_text]<\/p>\n<ul>\n<li>Los nueve talleres se dictar\u00e1n una vez cada uno, entre el 28 de marzo y el 2 de junio inclusive.<\/li>\n<li>Habr\u00e1 una segunda edici\u00f3n de los cuatro talleres m\u00e1s exitosos, entre el 6 y el 30 de junio inclusive.<\/li>\n<li>Para que un taller se lleve a cabo, se tienen que inscribir un m\u00ednimo de 12 participantes.<\/li>\n<\/ul>\n<p>[\/vc_column_text][\/vc_column_inner][\/vc_row_inner][vc_empty_space height=\u00bb80px\u00bb][\/vc_column][\/vc_row]<\/p>\n","protected":false},"excerpt":{"rendered":"<p>[vc_row][vc_column][\/vc_column][\/vc_row][vc_row gap=\u00bb35&#8243;][vc_column width=\u00bb2\/3&#8243;][vc_column_text] \u00bfPOR QU\u00c9 EL POS-MBA? [\/vc_column_text][vc_empty_space height=\u00bb30px\u00bb][vc_column_text]El MBA del IEEM te da todas las herramientas t\u00e9cnicas que necesit\u00e1s. Tambi\u00e9n te entrena a fondo en el proceso de toma de decisiones pol\u00edticas, en el que la t\u00e9cnica es apenas una condici\u00f3n. Contribuye al desarrollo de habilidades de comunicaci\u00f3n, negociaci\u00f3n y liderazgo, y a profundizar en [&hellip;]<\/p>\n","protected":false},"author":3,"featured_media":0,"parent":0,"menu_order":0,"comment_status":"closed","ping_status":"open","template":"","meta":{"_bbp_topic_count":0,"_bbp_reply_count":0,"_bbp_total_topic_count":0,"_bbp_total_reply_count":0,"_bbp_voice_count":0,"_bbp_anonymous_reply_count":0,"_bbp_topic_count_hidden":0,"_bbp_reply_count_hidden":0,"_bbp_forum_subforum_count":0,"footnotes":""},"class_list":["post-3281","page","type-page","status-publish","hentry"],"_links":{"self":[{"href":"https:\/\/www.ieem.edu.uy\/pos-mba\/wp-json\/wp\/v2\/pages\/3281","targetHints":{"allow":["GET"]}}],"collection":[{"href":"https:\/\/www.ieem.edu.uy\/pos-mba\/wp-json\/wp\/v2\/pages"}],"about":[{"href":"https:\/\/www.ieem.edu.uy\/pos-mba\/wp-json\/wp\/v2\/types\/page"}],"author":[{"embeddable":true,"href":"https:\/\/www.ieem.edu.uy\/pos-mba\/wp-json\/wp\/v2\/users\/3"}],"replies":[{"embeddable":true,"href":"https:\/\/www.ieem.edu.uy\/pos-mba\/wp-json\/wp\/v2\/comments?post=3281"}],"version-history":[{"count":11,"href":"https:\/\/www.ieem.edu.uy\/pos-mba\/wp-json\/wp\/v2\/pages\/3281\/revisions"}],"predecessor-version":[{"id":3726,"href":"https:\/\/www.ieem.edu.uy\/pos-mba\/wp-json\/wp\/v2\/pages\/3281\/revisions\/3726"}],"wp:attachment":[{"href":"https:\/\/www.ieem.edu.uy\/pos-mba\/wp-json\/wp\/v2\/media?parent=3281"}],"curies":[{"name":"wp","href":"https:\/\/api.w.org\/{rel}","templated":true}]}}